{"id":32,"date":"2024-07-14T20:01:20","date_gmt":"2024-07-14T20:01:20","guid":{"rendered":"https:\/\/restaurantmana.mundocalidad.com\/?page_id=32"},"modified":"2024-07-14T20:45:50","modified_gmt":"2024-07-14T20:45:50","slug":"nosotros","status":"publish","type":"page","link":"https:\/\/restaurantmana.mundocalidad.com\/","title":{"rendered":"Nosotros"},"content":{"rendered":"\n<p><strong>Restaurant Mana<\/strong>, ubicado en Calle Fdo. de la Mora, entre Fulgencio Yegros c\/ 14 de mayo, Hernandarias, Alto Paran\u00e1, se especializa en la preparaci\u00f3n y distribuci\u00f3n de alimentos perecederos y no perecederos, as\u00ed como de comidas listas para consumir. La empresa ofrece adem\u00e1s un servicio de buffet y se encarga de la distribuci\u00f3n de alimentos a escuelas de la comuna y reparticiones municipales.<\/p>\n\n\n\n<p><strong>Restaurant Mana<\/strong>&nbsp;se enfoca en procesos clave como la preparaci\u00f3n y distribuci\u00f3n de alimentos, garantizando los m\u00e1s altos est\u00e1ndares de seguridad y calidad alimentaria. Procesos de apoyo como la gesti\u00f3n de inventarios, el aseguramiento de la calidad y un servicio al cliente excepcional refuerzan sus operaciones.<\/p>\n\n\n\n<figure class=\"wp-block-image size-full\"><img loading=\"lazy\" decoding=\"async\" width=\"1024\" height=\"683\" src=\"https:\/\/restaurantmana.mundocalidad.com\/wp-content\/uploads\/2024\/07\/Restaurant-Mana-Servicios-4.png\" alt=\"\" class=\"wp-image-16\" srcset=\"https:\/\/restaurantmana.mundocalidad.com\/wp-content\/uploads\/2024\/07\/Restaurant-Mana-Servicios-4.png 1024w, https:\/\/restaurantmana.mundocalidad.com\/wp-content\/uploads\/2024\/07\/Restaurant-Mana-Servicios-4-300x200.png 300w, https:\/\/restaurantmana.mundocalidad.com\/wp-content\/uploads\/2024\/07\/Restaurant-Mana-Servicios-4-768x512.png 768w\" sizes=\"auto, (max-width: 1024px) 100vw, 1024px\" \/><\/figure>\n\n\n\n<h2 class=\"wp-block-heading\">Nuestra Misi\u00f3n<\/h2>\n\n\n\n<p>En Restaurant Mana, nuestra misi\u00f3n es proporcionar alimentos deliciosos, seguros y de alta calidad a nuestros clientes, satisfaciendo sus necesidades y superando sus expectativas. Nos dedicamos a la preparaci\u00f3n y distribuci\u00f3n de alimentos perecederos y no perecederos, as\u00ed como de comidas listas para consumir, garantizando siempre la seguridad alimentaria y la calidad. A trav\u00e9s de nuestro compromiso con la sostenibilidad, la innovaci\u00f3n y el servicio excepcional, buscamos contribuir al bienestar de nuestra comunidad y promover un estilo de vida saludable.<\/p>\n\n\n\n<figure class=\"wp-block-image size-full\"><img loading=\"lazy\" decoding=\"async\" width=\"1024\" height=\"683\" src=\"https:\/\/restaurantmana.mundocalidad.com\/wp-content\/uploads\/2024\/07\/Restaurant-Mana-Servicios.png\" alt=\"\" class=\"wp-image-35\" srcset=\"https:\/\/restaurantmana.mundocalidad.com\/wp-content\/uploads\/2024\/07\/Restaurant-Mana-Servicios.png 1024w, https:\/\/restaurantmana.mundocalidad.com\/wp-content\/uploads\/2024\/07\/Restaurant-Mana-Servicios-300x200.png 300w, https:\/\/restaurantmana.mundocalidad.com\/wp-content\/uploads\/2024\/07\/Restaurant-Mana-Servicios-768x512.png 768w\" sizes=\"auto, (max-width: 1024px) 100vw, 1024px\" \/><\/figure>\n\n\n\n<h2 class=\"wp-block-heading\">Nuestra Visi\u00f3n<\/h2>\n\n\n\n<p>Nuestra visi\u00f3n es ser l\u00edderes en la industria alimentaria en Paraguay y m\u00e1s all\u00e1, reconocidos por nuestra excelencia en la calidad y seguridad de los alimentos, as\u00ed como por nuestro compromiso con la sostenibilidad y la responsabilidad social. Aspiramos a ser el proveedor preferido de alimentos preparados y servicios de catering, distribuyendo nuestros productos a escuelas, reparticiones municipales y clientes individuales, siempre cumpliendo con los m\u00e1s altos est\u00e1ndares internacionales. Queremos ser un referente en la implementaci\u00f3n de pr\u00e1cticas innovadoras y sostenibles, contribuyendo a la erradicaci\u00f3n del hambre y promoviendo una alimentaci\u00f3n saludable para todos.<\/p>\n\n\n\n<figure class=\"wp-block-image size-full\"><img loading=\"lazy\" decoding=\"async\" width=\"1024\" height=\"683\" src=\"https:\/\/restaurantmana.mundocalidad.com\/wp-content\/uploads\/2024\/07\/Restaurant-Mana-Servicios-2.png\" alt=\"\" class=\"wp-image-36\" srcset=\"https:\/\/restaurantmana.mundocalidad.com\/wp-content\/uploads\/2024\/07\/Restaurant-Mana-Servicios-2.png 1024w, https:\/\/restaurantmana.mundocalidad.com\/wp-content\/uploads\/2024\/07\/Restaurant-Mana-Servicios-2-300x200.png 300w, https:\/\/restaurantmana.mundocalidad.com\/wp-content\/uploads\/2024\/07\/Restaurant-Mana-Servicios-2-768x512.png 768w\" sizes=\"auto, (max-width: 1024px) 100vw, 1024px\" \/><\/figure>\n\n\n\n<p class=\"has-text-align-center\"><strong>RESTAURANT MANA DE ISABEL PETRONA GOMEZ CABRERA<\/strong><\/p>\n\n\n\n<p class=\"has-text-align-center\"><strong>Calle Fdo. de la Mora, entre Fulgencio Yegros c\/ 14 de mayo, Hernandarias, Alto Parana, Paraguay<\/strong><\/p>\n\n\n\n<p><a href=\"https:\/\/www.facebook.com\/share\/p\/Ejim8RMAi8aYGZFQ\/?mibextid=qi2Omg\">Vis\u00edtenos en Facebook<\/a><\/p>\n","protected":false},"excerpt":{"rendered":"<p>Restaurant Mana, ubicado en Calle Fdo. de la Mora, entre Fulgencio Yegros c\/ 14 de mayo, Hernandarias, Alto Paran\u00e1, se especializa en la preparaci\u00f3n y distribuci\u00f3n de alimentos perecederos y no perecederos, as\u00ed como de comidas listas para consumir. La empresa ofrece adem\u00e1s un servicio de buffet y se encarga de la distribuci\u00f3n de alimentos [&hellip;]<\/p>\n","protected":false},"author":1,"featured_media":12,"parent":0,"menu_order":0,"comment_status":"closed","ping_status":"closed","template":"","meta":{"footnotes":""},"class_list":["post-32","page","type-page","status-publish","has-post-thumbnail","hentry"],"_links":{"self":[{"href":"https:\/\/restaurantmana.mundocalidad.com\/index.php\/wp-json\/wp\/v2\/pages\/32","targetHints":{"allow":["GET"]}}],"collection":[{"href":"https:\/\/restaurantmana.mundocalidad.com\/index.php\/wp-json\/wp\/v2\/pages"}],"about":[{"href":"https:\/\/restaurantmana.mundocalidad.com\/index.php\/wp-json\/wp\/v2\/types\/page"}],"author":[{"embeddable":true,"href":"https:\/\/restaurantmana.mundocalidad.com\/index.php\/wp-json\/wp\/v2\/users\/1"}],"replies":[{"embeddable":true,"href":"https:\/\/restaurantmana.mundocalidad.com\/index.php\/wp-json\/wp\/v2\/comments?post=32"}],"version-history":[{"count":3,"href":"https:\/\/restaurantmana.mundocalidad.com\/index.php\/wp-json\/wp\/v2\/pages\/32\/revisions"}],"predecessor-version":[{"id":57,"href":"https:\/\/restaurantmana.mundocalidad.com\/index.php\/wp-json\/wp\/v2\/pages\/32\/revisions\/57"}],"wp:featuredmedia":[{"embeddable":true,"href":"https:\/\/restaurantmana.mundocalidad.com\/index.php\/wp-json\/wp\/v2\/media\/12"}],"wp:attachment":[{"href":"https:\/\/restaurantmana.mundocalidad.com\/index.php\/wp-json\/wp\/v2\/media?parent=32"}],"curies":[{"name":"wp","href":"https:\/\/api.w.org\/{rel}","templated":true}]}}