{"id":39,"date":"2024-07-14T20:10:10","date_gmt":"2024-07-14T20:10:10","guid":{"rendered":"https:\/\/restaurantmana.mundocalidad.com\/?page_id=39"},"modified":"2024-07-14T20:10:10","modified_gmt":"2024-07-14T20:10:10","slug":"sistema-integrado","status":"publish","type":"page","link":"https:\/\/restaurantmana.mundocalidad.com\/index.php\/sistema-integrado\/","title":{"rendered":"Sistema Integrado"},"content":{"rendered":"\n<p><strong>Restaurant Mana<\/strong>\u00a0posee un Sistema de Gesti\u00f3n Integrado que cumple con las normas ISO 9001:2015, Gesti\u00f3n de la Calidad e ISO 22000:2018, Gesti\u00f3n de la Inocuidad Alimentaria, garantizando as\u00ed la calidad y la inocuidad en todos sus procesos y productos.<\/p>\n\n\n\n<figure class=\"wp-block-image size-full\"><img loading=\"lazy\" decoding=\"async\" width=\"800\" height=\"200\" src=\"https:\/\/restaurantmana.mundocalidad.com\/wp-content\/uploads\/2024\/07\/Diseno-sin-titulo-2024-07-14T144952.722.png\" alt=\"\" class=\"wp-image-17\" srcset=\"https:\/\/restaurantmana.mundocalidad.com\/wp-content\/uploads\/2024\/07\/Diseno-sin-titulo-2024-07-14T144952.722.png 800w, https:\/\/restaurantmana.mundocalidad.com\/wp-content\/uploads\/2024\/07\/Diseno-sin-titulo-2024-07-14T144952.722-300x75.png 300w, https:\/\/restaurantmana.mundocalidad.com\/wp-content\/uploads\/2024\/07\/Diseno-sin-titulo-2024-07-14T144952.722-768x192.png 768w\" sizes=\"auto, (max-width: 800px) 100vw, 800px\" \/><\/figure>\n\n\n\n<h2 class=\"wp-block-heading\">Alcance del Sistema de Gesti\u00f3n Integrado<\/h2>\n\n\n\n<p><a href=\"https:\/\/mundocalidad.com\/mana\/alcance.pdf\">Revise el documento en este enlace<\/a><\/p>\n\n\n\n<p><em>El Alcance del Sistema de Gesti\u00f3n Integrado de la Calidad e Inocuidad Alimentaria de Restaurant MANA de Isabel Petrona G\u00f3mez Cabrera se encuentra definido por<\/em><\/p>\n\n\n\n<p><em>La producci\u00f3n, almacenamiento y distribuci\u00f3n de alimentos envasados, kits de alimentos, productos de panader\u00eda, comidas preparadas y alimentos listos para consumo, servicios de catering y servicios de restaurante<\/em><\/p>\n\n\n\n<h2 class=\"wp-block-heading\">Pol\u00edtica del Sistema de gesti\u00f3n Integrado de la Calidad e Inocuidad Alimentaria<\/h2>\n\n\n\n<p><em>Requisito: ISO 9001:2015 | ISO 22000:2018 Cl\u00e1usula 5.2<\/em><\/p>\n\n\n\n<p><a href=\"https:\/\/mundocalidad.com\/mana\/politica-integrada.pdf\">Revise el documento en este enlace<\/a><\/p>\n\n\n\n<p>En Restaurant Mana, nos comprometemos a proporcionar productos y servicios de la m\u00e1s alta calidad y seguridad alimentaria, en l\u00ednea con los est\u00e1ndares internacionales ISO 9001:2015 e ISO 22000:2018. Nuestra pol\u00edtica integrada refleja nuestro compromiso con la excelencia, la satisfacci\u00f3n del cliente, el cumplimiento de los requisitos legales y la mejora continua en todos nuestros procesos.<\/p>\n\n\n\n<p><strong>Compromisos de Calidad y Seguridad Alimentaria:<\/strong><\/p>\n\n\n\n<ol class=\"wp-block-list\" start=\"1\">\n<li><strong>Cumplimiento de Normas y Regulaciones:<\/strong>\n<ul class=\"wp-block-list\">\n<li>Cumplimos con todas las normativas legales y reglamentarias aplicables, as\u00ed como con los requisitos de las normas ISO 9001:2015 e ISO 22000:2018, asegurando que nuestros productos y servicios cumplen con los m\u00e1s altos est\u00e1ndares de calidad y seguridad alimentaria.<\/li>\n<\/ul>\n<\/li>\n\n\n\n<li><strong>Satisfacci\u00f3n del Cliente:<\/strong>\n<ul class=\"wp-block-list\">\n<li>Nos esforzamos por superar las expectativas de nuestros clientes mediante la entrega de productos y servicios seguros, de alta calidad y confiables. Escuchamos y respondemos a las necesidades de nuestros clientes, fomentando relaciones de confianza y lealtad.<\/li>\n<\/ul>\n<\/li>\n\n\n\n<li><strong>Mejora Continua:<\/strong>\n<ul class=\"wp-block-list\">\n<li>Fomentamos una cultura de mejora continua en todos los niveles de la organizaci\u00f3n, utilizando un enfoque basado en riesgos y oportunidades para identificar y abordar \u00e1reas de mejora en nuestros procesos y sistemas de gesti\u00f3n.<\/li>\n<\/ul>\n<\/li>\n\n\n\n<li><strong>Involucramiento y Capacitaci\u00f3n del Personal:<\/strong>\n<ul class=\"wp-block-list\">\n<li>Valoramos y desarrollamos a nuestros empleados, proporcion\u00e1ndoles la formaci\u00f3n y los recursos necesarios para desempe\u00f1ar sus roles de manera eficaz y contribuir activamente a la mejora continua de nuestros procesos de calidad y seguridad alimentaria.<\/li>\n<\/ul>\n<\/li>\n\n\n\n<li><strong>Gesti\u00f3n de Riesgos:<\/strong>\n<ul class=\"wp-block-list\">\n<li>Implementamos un enfoque sistem\u00e1tico para identificar, evaluar y gestionar los riesgos asociados con la calidad y la seguridad alimentaria, asegurando la integridad de nuestros productos y protegiendo la salud de nuestros consumidores.<\/li>\n<\/ul>\n<\/li>\n<\/ol>\n\n\n\n<ol class=\"wp-block-list\" start=\"6\">\n<li><strong>Sostenibilidad y Responsabilidad Social:<\/strong>\n<ul class=\"wp-block-list\">\n<li>Promovemos pr\u00e1cticas sostenibles y responsables en todas nuestras operaciones, comprometidos con la preservaci\u00f3n del medio ambiente y el bienestar de la comunidad.<\/li>\n<\/ul>\n<\/li>\n\n\n\n<li><strong>Comunicaci\u00f3n Eficaz:<\/strong>\n<ul class=\"wp-block-list\">\n<li>Mantenemos una comunicaci\u00f3n abierta y transparente con nuestros empleados, clientes, proveedores y otras partes interesadas, garantizando que todos est\u00e9n informados y alineados con nuestros objetivos y pol\u00edticas de calidad y seguridad alimentaria.<\/li>\n<\/ul>\n<\/li>\n<\/ol>\n\n\n\n<p><strong>Declaraci\u00f3n de la Alta Direcci\u00f3n:<\/strong><\/p>\n\n\n\n<p>La alta direcci\u00f3n de Restaurant Mana se compromete a liderar con el ejemplo y a proporcionar los recursos necesarios para la implementaci\u00f3n y mantenimiento de esta pol\u00edtica integrada. Nos aseguramos de que esta pol\u00edtica sea entendida, implementada y mantenida en todos los niveles de la organizaci\u00f3n y est\u00e9 disponible para todas las partes interesadas.<\/p>\n\n\n\n<p><strong>Isabel Petrona G\u00f3mez Cabrera<\/strong><\/p>\n\n\n\n<p><strong>Gerente General<\/strong><\/p>\n","protected":false},"excerpt":{"rendered":"<p>Restaurant Mana\u00a0posee un Sistema de Gesti\u00f3n Integrado que cumple con las normas ISO 9001:2015, Gesti\u00f3n de la Calidad e ISO 22000:2018, Gesti\u00f3n de la Inocuidad Alimentaria, garantizando as\u00ed la calidad y la inocuidad en todos sus procesos y productos. Alcance del Sistema de Gesti\u00f3n Integrado Revise el documento en este enlace El Alcance del Sistema [&hellip;]<\/p>\n","protected":false},"author":1,"featured_media":0,"parent":0,"menu_order":0,"comment_status":"closed","ping_status":"closed","template":"","meta":{"footnotes":""},"class_list":["post-39","page","type-page","status-publish","hentry"],"_links":{"self":[{"href":"https:\/\/restaurantmana.mundocalidad.com\/index.php\/wp-json\/wp\/v2\/pages\/39","targetHints":{"allow":["GET"]}}],"collection":[{"href":"https:\/\/restaurantmana.mundocalidad.com\/index.php\/wp-json\/wp\/v2\/pages"}],"about":[{"href":"https:\/\/restaurantmana.mundocalidad.com\/index.php\/wp-json\/wp\/v2\/types\/page"}],"author":[{"embeddable":true,"href":"https:\/\/restaurantmana.mundocalidad.com\/index.php\/wp-json\/wp\/v2\/users\/1"}],"replies":[{"embeddable":true,"href":"https:\/\/restaurantmana.mundocalidad.com\/index.php\/wp-json\/wp\/v2\/comments?post=39"}],"version-history":[{"count":1,"href":"https:\/\/restaurantmana.mundocalidad.com\/index.php\/wp-json\/wp\/v2\/pages\/39\/revisions"}],"predecessor-version":[{"id":41,"href":"https:\/\/restaurantmana.mundocalidad.com\/index.php\/wp-json\/wp\/v2\/pages\/39\/revisions\/41"}],"wp:attachment":[{"href":"https:\/\/restaurantmana.mundocalidad.com\/index.php\/wp-json\/wp\/v2\/media?parent=39"}],"curies":[{"name":"wp","href":"https:\/\/api.w.org\/{rel}","templated":true}]}}