{"id":42,"date":"2024-07-14T20:18:32","date_gmt":"2024-07-14T20:18:32","guid":{"rendered":"https:\/\/restaurantmana.mundocalidad.com\/?page_id=42"},"modified":"2024-07-14T20:18:32","modified_gmt":"2024-07-14T20:18:32","slug":"valores","status":"publish","type":"page","link":"https:\/\/restaurantmana.mundocalidad.com\/index.php\/valores\/","title":{"rendered":"Valores"},"content":{"rendered":"\n<p><strong>Calidad:<\/strong> Nos comprometemos a ofrecer productos y servicios de la m\u00e1s alta calidad, asegurando la satisfacci\u00f3n de nuestros clientes a trav\u00e9s de la excelencia en todos nuestros procesos y el cumplimiento de los requisitos aplicables.<\/p>\n\n\n\n<p><strong>Inocuidad Alimentaria:<\/strong> Priorizamos la inocuidad de nuestros alimentos mediante el cumplimiento riguroso de normas y regulaciones internacionales, protegiendo la salud de nuestros consumidores.<\/p>\n\n\n\n<p><strong>Sostenibilidad:<\/strong> Fomentamos pr\u00e1cticas sostenibles en todas nuestras operaciones, promoviendo el cuidado del medio ambiente y el bienestar de nuestra comunidad.<\/p>\n\n\n\n<p><strong>Innovaci\u00f3n:<\/strong> Valoramos la innovaci\u00f3n como motor de mejora continua, buscando constantemente nuevas formas de mejorar nuestros productos, servicios y procesos.<\/p>\n\n\n\n<p><strong>Responsabilidad Social:<\/strong> Nos comprometemos con aportar al logro de los ODS de la Naciones Unidad, en particular trabajando para erradicar el hambre y mejorar la calidad de vida de nuestra comunidad.<\/p>\n\n\n\n<p><strong>Integridad:<\/strong> Actuamos con honestidad, transparencia y \u00e9tica en todas nuestras actividades, construyendo relaciones de confianza con nuestros clientes, empleados y socios.<\/p>\n\n\n\n<p><strong>Trabajo en Equipo:<\/strong> Fomentamos un ambiente de colaboraci\u00f3n y respeto mutuo, valorando las contribuciones de cada miembro del equipo y trabajando juntos para alcanzar nuestros objetivos comunes.<\/p>\n\n\n\n<p><strong>Orientaci\u00f3n al Cliente:<\/strong> Escuchamos y respondemos a las necesidades de nuestros clientes, esforz\u00e1ndonos por superar sus expectativas y construir relaciones duraderas basadas en la confianza y la lealtad.<\/p>\n\n\n\n<figure class=\"wp-block-image size-full\"><img loading=\"lazy\" decoding=\"async\" width=\"1024\" height=\"683\" src=\"https:\/\/restaurantmana.mundocalidad.com\/wp-content\/uploads\/2024\/07\/Restaurant-Mana-Servicios-4.png\" alt=\"\" class=\"wp-image-16\" srcset=\"https:\/\/restaurantmana.mundocalidad.com\/wp-content\/uploads\/2024\/07\/Restaurant-Mana-Servicios-4.png 1024w, https:\/\/restaurantmana.mundocalidad.com\/wp-content\/uploads\/2024\/07\/Restaurant-Mana-Servicios-4-300x200.png 300w, https:\/\/restaurantmana.mundocalidad.com\/wp-content\/uploads\/2024\/07\/Restaurant-Mana-Servicios-4-768x512.png 768w\" sizes=\"auto, (max-width: 1024px) 100vw, 1024px\" \/><\/figure>\n","protected":false},"excerpt":{"rendered":"<p>Calidad: Nos comprometemos a ofrecer productos y servicios de la m\u00e1s alta calidad, asegurando la satisfacci\u00f3n de nuestros clientes a trav\u00e9s de la excelencia en todos nuestros procesos y el cumplimiento de los requisitos aplicables. Inocuidad Alimentaria: Priorizamos la inocuidad de nuestros alimentos mediante el cumplimiento riguroso de normas y regulaciones internacionales, protegiendo la salud [&hellip;]<\/p>\n","protected":false},"author":1,"featured_media":0,"parent":0,"menu_order":0,"comment_status":"closed","ping_status":"closed","template":"","meta":{"footnotes":""},"class_list":["post-42","page","type-page","status-publish","hentry"],"_links":{"self":[{"href":"https:\/\/restaurantmana.mundocalidad.com\/index.php\/wp-json\/wp\/v2\/pages\/42","targetHints":{"allow":["GET"]}}],"collection":[{"href":"https:\/\/restaurantmana.mundocalidad.com\/index.php\/wp-json\/wp\/v2\/pages"}],"about":[{"href":"https:\/\/restaurantmana.mundocalidad.com\/index.php\/wp-json\/wp\/v2\/types\/page"}],"author":[{"embeddable":true,"href":"https:\/\/restaurantmana.mundocalidad.com\/index.php\/wp-json\/wp\/v2\/users\/1"}],"replies":[{"embeddable":true,"href":"https:\/\/restaurantmana.mundocalidad.com\/index.php\/wp-json\/wp\/v2\/comments?post=42"}],"version-history":[{"count":1,"href":"https:\/\/restaurantmana.mundocalidad.com\/index.php\/wp-json\/wp\/v2\/pages\/42\/revisions"}],"predecessor-version":[{"id":47,"href":"https:\/\/restaurantmana.mundocalidad.com\/index.php\/wp-json\/wp\/v2\/pages\/42\/revisions\/47"}],"wp:attachment":[{"href":"https:\/\/restaurantmana.mundocalidad.com\/index.php\/wp-json\/wp\/v2\/media?parent=42"}],"curies":[{"name":"wp","href":"https:\/\/api.w.org\/{rel}","templated":true}]}}