{"id":44,"date":"2024-07-14T20:17:31","date_gmt":"2024-07-14T20:17:31","guid":{"rendered":"https:\/\/restaurantmana.mundocalidad.com\/?page_id=44"},"modified":"2024-07-14T20:17:31","modified_gmt":"2024-07-14T20:17:31","slug":"servicios","status":"publish","type":"page","link":"https:\/\/restaurantmana.mundocalidad.com\/index.php\/servicios\/","title":{"rendered":"Servicios"},"content":{"rendered":"\n<p>Restaurant MANA proporciona los siguientes servicios:<\/p>\n\n\n\n<p>a) Producci\u00f3n, almacenamiento y distribuci\u00f3n de alimentos envasados<\/p>\n\n\n\n<p>b) Elaboraci\u00f3n de productos de panader\u00eda y confiter\u00eda<\/p>\n\n\n\n<p>c) Servicio de restaurante y servicio de catering<\/p>\n\n\n\n<p>d) Distribuci\u00f3n de productos alimenticios<\/p>\n\n\n\n<p>e) Capacitaci\u00f3n y control t\u00e9cnico de proveedores de producto alimentarios<\/p>\n\n\n\n<figure class=\"wp-block-image size-full\"><img loading=\"lazy\" decoding=\"async\" width=\"1024\" height=\"683\" src=\"https:\/\/restaurantmana.mundocalidad.com\/wp-content\/uploads\/2024\/07\/Restaurant-Mana-Servicios-1.png\" alt=\"\" class=\"wp-image-45\" srcset=\"https:\/\/restaurantmana.mundocalidad.com\/wp-content\/uploads\/2024\/07\/Restaurant-Mana-Servicios-1.png 1024w, https:\/\/restaurantmana.mundocalidad.com\/wp-content\/uploads\/2024\/07\/Restaurant-Mana-Servicios-1-300x200.png 300w, https:\/\/restaurantmana.mundocalidad.com\/wp-content\/uploads\/2024\/07\/Restaurant-Mana-Servicios-1-768x512.png 768w\" sizes=\"auto, (max-width: 1024px) 100vw, 1024px\" \/><\/figure>\n","protected":false},"excerpt":{"rendered":"<p>Restaurant MANA proporciona los siguientes servicios: a) Producci\u00f3n, almacenamiento y distribuci\u00f3n de alimentos envasados b) Elaboraci\u00f3n de productos de panader\u00eda y confiter\u00eda c) Servicio de restaurante y servicio de catering d) Distribuci\u00f3n de productos alimenticios e) Capacitaci\u00f3n y control t\u00e9cnico de proveedores de producto alimentarios<\/p>\n","protected":false},"author":1,"featured_media":0,"parent":0,"menu_order":0,"comment_status":"closed","ping_status":"closed","template":"","meta":{"footnotes":""},"class_list":["post-44","page","type-page","status-publish","hentry"],"_links":{"self":[{"href":"https:\/\/restaurantmana.mundocalidad.com\/index.php\/wp-json\/wp\/v2\/pages\/44","targetHints":{"allow":["GET"]}}],"collection":[{"href":"https:\/\/restaurantmana.mundocalidad.com\/index.php\/wp-json\/wp\/v2\/pages"}],"about":[{"href":"https:\/\/restaurantmana.mundocalidad.com\/index.php\/wp-json\/wp\/v2\/types\/page"}],"author":[{"embeddable":true,"href":"https:\/\/restaurantmana.mundocalidad.com\/index.php\/wp-json\/wp\/v2\/users\/1"}],"replies":[{"embeddable":true,"href":"https:\/\/restaurantmana.mundocalidad.com\/index.php\/wp-json\/wp\/v2\/comments?post=44"}],"version-history":[{"count":1,"href":"https:\/\/restaurantmana.mundocalidad.com\/index.php\/wp-json\/wp\/v2\/pages\/44\/revisions"}],"predecessor-version":[{"id":46,"href":"https:\/\/restaurantmana.mundocalidad.com\/index.php\/wp-json\/wp\/v2\/pages\/44\/revisions\/46"}],"wp:attachment":[{"href":"https:\/\/restaurantmana.mundocalidad.com\/index.php\/wp-json\/wp\/v2\/media?parent=44"}],"curies":[{"name":"wp","href":"https:\/\/api.w.org\/{rel}","templated":true}]}}